{"id":9,"date":"2025-06-26T19:21:54","date_gmt":"2025-06-26T19:21:54","guid":{"rendered":"https:\/\/popupartesania.es\/?page_id=9"},"modified":"2025-10-02T10:53:11","modified_gmt":"2025-10-02T10:53:11","slug":"inicio","status":"publish","type":"page","link":"https:\/\/popupartesania.es\/","title":{"rendered":"Bienvenido en el mundo magico de la artesania"},"content":{"rendered":"\n<p>Bienvenidos a Popup Artesan\u00eda, una asociaci\u00f3n sin \u00e1nimo de lucro, y un nuevo movimiento de artesania en la regi\u00f3n de Murcia.<\/p>\n\n\n\n<p>\u00a1Sigan nuestras aventuras en nuestro perfil de instagram, donde anunciaremos nuestros pr\u00f3ximos mercados! Si tienes un evento que te gustar\u00eda combinar con artesan\u00eda, no dudes en contactarnos en Hola@popupartesania.es.<\/p>\n","protected":false},"excerpt":{"rendered":"<p>Bienvenidos a Popup Artesan\u00eda, una asociaci\u00f3n sin \u00e1nimo de lucro, y un nuevo movimiento de artesania en la regi\u00f3n de Murcia. \u00a1Sigan nuestras aventuras en nuestro perfil de instagram, donde anunciaremos nuestros pr\u00f3ximos mercados! Si tienes un evento que te gustar\u00eda combinar con artesan\u00eda, no dudes en contactarnos en Hola@popupartesania.es.<\/p>\n","protected":false},"author":1,"featured_media":0,"parent":0,"menu_order":0,"comment_status":"closed","ping_status":"closed","template":"","meta":{"footnotes":""},"class_list":["post-9","page","type-page","status-publish","hentry"],"_links":{"self":[{"href":"https:\/\/popupartesania.es\/index.php\/wp-json\/wp\/v2\/pages\/9","targetHints":{"allow":["GET"]}}],"collection":[{"href":"https:\/\/popupartesania.es\/index.php\/wp-json\/wp\/v2\/pages"}],"about":[{"href":"https:\/\/popupartesania.es\/index.php\/wp-json\/wp\/v2\/types\/page"}],"author":[{"embeddable":true,"href":"https:\/\/popupartesania.es\/index.php\/wp-json\/wp\/v2\/users\/1"}],"replies":[{"embeddable":true,"href":"https:\/\/popupartesania.es\/index.php\/wp-json\/wp\/v2\/comments?post=9"}],"version-history":[{"count":3,"href":"https:\/\/popupartesania.es\/index.php\/wp-json\/wp\/v2\/pages\/9\/revisions"}],"predecessor-version":[{"id":67,"href":"https:\/\/popupartesania.es\/index.php\/wp-json\/wp\/v2\/pages\/9\/revisions\/67"}],"wp:attachment":[{"href":"https:\/\/popupartesania.es\/index.php\/wp-json\/wp\/v2\/media?parent=9"}],"curies":[{"name":"wp","href":"https:\/\/api.w.org\/{rel}","templated":true}]}}