{"id":10,"date":"2025-06-26T19:21:54","date_gmt":"2025-06-26T19:21:54","guid":{"rendered":"https:\/\/popupartesania.es\/?page_id=10"},"modified":"2025-10-09T13:38:07","modified_gmt":"2025-10-09T13:38:07","slug":"acerca-de","status":"publish","type":"page","link":"https:\/\/popupartesania.es\/index.php\/acerca-de\/","title":{"rendered":"Sobre nosotros"},"content":{"rendered":"\n<p>Popup Artesania, una asociaci\u00f3n de Artesan\u00eda, un nuevo movimiento de arte hecho a mano. <\/p>\n\n\n\n<p>Popup Artesania es una asociaci\u00f3n sin animo de lucro fundada en Murcia por un grupo de artesanos. Somos una familia de artesanos que se desplazan con su arte por la regi\u00f3n de Murcia. Nos centramos principalmente en difundir nuestro arte por la regi\u00f3n, durantes eventos, en los pueblos y sus fiestas, para que el arte de los productos hechos a mano no caiga en el olvido.<\/p>\n","protected":false},"excerpt":{"rendered":"<p>Popup Artesania, una asociaci\u00f3n de Artesan\u00eda, un nuevo movimiento de arte hecho a mano. Popup Artesania es una asociaci\u00f3n sin animo de lucro fundada en Murcia por un grupo de artesanos. Somos una familia de artesanos que se desplazan con su arte por la regi\u00f3n de Murcia. Nos centramos principalmente en difundir nuestro arte por &hellip; <\/p>\n<p class=\"link-more\"><a href=\"https:\/\/popupartesania.es\/index.php\/acerca-de\/\" class=\"more-link\">Continuar leyendo<span class=\"screen-reader-text\"> \u00abSobre nosotros\u00bb<\/span><\/a><\/p>\n","protected":false},"author":1,"featured_media":44,"parent":0,"menu_order":0,"comment_status":"closed","ping_status":"closed","template":"","meta":{"footnotes":""},"class_list":["post-10","page","type-page","status-publish","has-post-thumbnail","hentry"],"_links":{"self":[{"href":"https:\/\/popupartesania.es\/index.php\/wp-json\/wp\/v2\/pages\/10","targetHints":{"allow":["GET"]}}],"collection":[{"href":"https:\/\/popupartesania.es\/index.php\/wp-json\/wp\/v2\/pages"}],"about":[{"href":"https:\/\/popupartesania.es\/index.php\/wp-json\/wp\/v2\/types\/page"}],"author":[{"embeddable":true,"href":"https:\/\/popupartesania.es\/index.php\/wp-json\/wp\/v2\/users\/1"}],"replies":[{"embeddable":true,"href":"https:\/\/popupartesania.es\/index.php\/wp-json\/wp\/v2\/comments?post=10"}],"version-history":[{"count":4,"href":"https:\/\/popupartesania.es\/index.php\/wp-json\/wp\/v2\/pages\/10\/revisions"}],"predecessor-version":[{"id":76,"href":"https:\/\/popupartesania.es\/index.php\/wp-json\/wp\/v2\/pages\/10\/revisions\/76"}],"wp:featuredmedia":[{"embeddable":true,"href":"https:\/\/popupartesania.es\/index.php\/wp-json\/wp\/v2\/media\/44"}],"wp:attachment":[{"href":"https:\/\/popupartesania.es\/index.php\/wp-json\/wp\/v2\/media?parent=10"}],"curies":[{"name":"wp","href":"https:\/\/api.w.org\/{rel}","templated":true}]}}